{"id":12,"date":"2025-12-05T16:11:05","date_gmt":"2025-12-05T15:11:05","guid":{"rendered":"https:\/\/ferienhauserdmann.de\/?page_id=12"},"modified":"2025-12-13T13:30:59","modified_gmt":"2025-12-13T12:30:59","slug":"geschichte","status":"publish","type":"page","link":"https:\/\/ferienhauserdmann.de\/nl\/geschichte\/","title":{"rendered":"De geschiedenis van ons huis"},"content":{"rendered":"<p class=\"has-text-align-left\">Ons mooie vakantiehuis ligt in Heinrichsdorf, een plaats die in 1854 werd gesticht als mijnwerkersnederzetting. Ook ons huis stamt uit die tijd en werd, zoals toen gebruikelijk was, gebouwd in vakwerkstijl.  Tot 1950 was ons vakantiehuis, net als veel andere huizen in het dorp, eigendom van Stolberger Zink AG, dat tot 1974 actief was in de ertswinning in Ramsbeck. Daarna is het huis meerdere keren van eigenaar veranderd.<\/p>\n\n\n\n<div class=\"wp-block-columns is-layout-flex wp-container-core-columns-is-layout-28f84493 wp-block-columns-is-layout-flex\">\n<div class=\"wp-block-column is-layout-flow wp-block-column-is-layout-flow\">\n<div style=\"height:0px\" aria-hidden=\"true\" class=\"wp-block-spacer\"><\/div>\n\n\n\n<figure class=\"wp-block-image size-large\"><img loading=\"lazy\" decoding=\"async\" width=\"1024\" height=\"768\" src=\"https:\/\/ferienhauserdmann.de\/wp-content\/uploads\/2022\/01\/DSC00930-1024x768.jpg\" alt=\"Bild von der Sanierung 2009\" class=\"wp-image-870\" srcset=\"https:\/\/ferienhauserdmann.de\/wp-content\/uploads\/2022\/01\/DSC00930-1024x768.jpg 1024w, https:\/\/ferienhauserdmann.de\/wp-content\/uploads\/2022\/01\/DSC00930-300x225.jpg 300w, https:\/\/ferienhauserdmann.de\/wp-content\/uploads\/2022\/01\/DSC00930-768x576.jpg 768w, https:\/\/ferienhauserdmann.de\/wp-content\/uploads\/2022\/01\/DSC00930-1536x1152.jpg 1536w, https:\/\/ferienhauserdmann.de\/wp-content\/uploads\/2022\/01\/DSC00930-2048x1536.jpg 2048w, https:\/\/ferienhauserdmann.de\/wp-content\/uploads\/2022\/01\/DSC00930-16x12.jpg 16w, https:\/\/ferienhauserdmann.de\/wp-content\/uploads\/2022\/01\/DSC00930-892x669.jpg 892w\" sizes=\"auto, (max-width: 1024px) 100vw, 1024px\" \/><\/figure>\n<\/div>\n\n\n\n<div class=\"wp-block-column is-layout-flow wp-block-column-is-layout-flow\">\n<p>In oktober 2009 kochten mijn ouders het huis en begonnen ze met een zorgvuldige modernisering vanaf de grond af. Ze hechtten veel waarde aan modern wooncomfort en kozen onder andere voor warmte-isolatie, een milieuvriendelijke pelletverwarming en moderne, gelijkvloerse badkamers.<\/p>\n<\/div>\n<\/div>\n\n\n\n<div class=\"wp-block-columns is-layout-flex wp-container-core-columns-is-layout-28f84493 wp-block-columns-is-layout-flex\">\n<div class=\"wp-block-column is-layout-flow wp-block-column-is-layout-flow\" style=\"flex-basis:100%\">\n<p>Tegelijkertijd vonden ze het belangrijk om het oorspronkelijke karakter van het huis te behouden. Daarom bleven veel vakwerkelementen zichtbaar en konden ook talrijke originele materialen worden behouden.<\/p>\n<\/div>\n<\/div>\n\n\n\n<div class=\"wp-block-media-text has-media-on-the-right is-stacked-on-mobile\"><div class=\"wp-block-media-text__content\">\n<p>De open haard was vroeger de enige warmtebron in huis en is tot op de dag van vandaag een vast onderdeel gebleven. De laaiende vlammen en de zachte warmte zorgen voor een gezellige sfeer  in het hele huis.<\/p>\n<\/div><figure class=\"wp-block-media-text__media\"><img loading=\"lazy\" decoding=\"async\" width=\"665\" height=\"1024\" src=\"https:\/\/ferienhauserdmann.de\/wp-content\/uploads\/2025\/12\/DSC_0848n1rund1-665x1024.png\" alt=\"\" class=\"wp-image-1707 size-full\" srcset=\"https:\/\/ferienhauserdmann.de\/wp-content\/uploads\/2025\/12\/DSC_0848n1rund1-665x1024.png 665w, https:\/\/ferienhauserdmann.de\/wp-content\/uploads\/2025\/12\/DSC_0848n1rund1-195x300.png 195w, https:\/\/ferienhauserdmann.de\/wp-content\/uploads\/2025\/12\/DSC_0848n1rund1-768x1182.png 768w, https:\/\/ferienhauserdmann.de\/wp-content\/uploads\/2025\/12\/DSC_0848n1rund1-998x1536.png 998w, https:\/\/ferienhauserdmann.de\/wp-content\/uploads\/2025\/12\/DSC_0848n1rund1-1331x2048.png 1331w, https:\/\/ferienhauserdmann.de\/wp-content\/uploads\/2025\/12\/DSC_0848n1rund1-8x12.png 8w, https:\/\/ferienhauserdmann.de\/wp-content\/uploads\/2025\/12\/DSC_0848n1rund1-scaled.png 1664w\" sizes=\"auto, (max-width: 665px) 100vw, 665px\" \/><\/figure><\/div>\n\n\n\n<div class=\"wp-block-columns is-layout-flex wp-container-core-columns-is-layout-28f84493 wp-block-columns-is-layout-flex\">\n<div class=\"wp-block-column is-layout-flow wp-block-column-is-layout-flow\" style=\"flex-basis:100%\">\n<p><\/p>\n<\/div>\n<\/div>\n\n\n\n<p><\/p>","protected":false},"excerpt":{"rendered":"<p>Unser sch\u00f6nes Ferienhaus liegt in Heinrichsdorf, einem Ort, der 1854 als Bergarbeitersiedlung gegr\u00fcndet wurde. Auch unser Haus stammt aus dieser Zeit und wurde, wie damals \u00fcblich in der Fachwerkbauweise errichtet. Bis 1950 befand sich unser Ferienhaus, ebenso wie viele H\u00e4user des Dorfes, im Besitz der Stolberger Zink AG, die den Erzbergbau in Ramsbeck bis 1974 [&hellip;]<\/p>\n","protected":false},"author":1,"featured_media":1664,"parent":0,"menu_order":220,"comment_status":"closed","ping_status":"closed","template":"","meta":{"footnotes":""},"class_list":["post-12","page","type-page","status-publish","has-post-thumbnail","hentry"],"aioseo_notices":[],"_links":{"self":[{"href":"https:\/\/ferienhauserdmann.de\/nl\/wp-json\/wp\/v2\/pages\/12","targetHints":{"allow":["GET"]}}],"collection":[{"href":"https:\/\/ferienhauserdmann.de\/nl\/wp-json\/wp\/v2\/pages"}],"about":[{"href":"https:\/\/ferienhauserdmann.de\/nl\/wp-json\/wp\/v2\/types\/page"}],"author":[{"embeddable":true,"href":"https:\/\/ferienhauserdmann.de\/nl\/wp-json\/wp\/v2\/users\/1"}],"replies":[{"embeddable":true,"href":"https:\/\/ferienhauserdmann.de\/nl\/wp-json\/wp\/v2\/comments?post=12"}],"version-history":[{"count":32,"href":"https:\/\/ferienhauserdmann.de\/nl\/wp-json\/wp\/v2\/pages\/12\/revisions"}],"predecessor-version":[{"id":1710,"href":"https:\/\/ferienhauserdmann.de\/nl\/wp-json\/wp\/v2\/pages\/12\/revisions\/1710"}],"wp:featuredmedia":[{"embeddable":true,"href":"https:\/\/ferienhauserdmann.de\/nl\/wp-json\/wp\/v2\/media\/1664"}],"wp:attachment":[{"href":"https:\/\/ferienhauserdmann.de\/nl\/wp-json\/wp\/v2\/media?parent=12"}],"curies":[{"name":"wp","href":"https:\/\/api.w.org\/{rel}","templated":true}]}}