{"id":3,"date":"2025-12-05T17:25:40","date_gmt":"2025-12-05T16:25:40","guid":{"rendered":"https:\/\/ferienhauserdmann.de?page_id=3"},"modified":"2025-12-13T19:47:03","modified_gmt":"2025-12-13T18:47:03","slug":"rechtliches","status":"publish","type":"page","link":"https:\/\/ferienhauserdmann.de\/nl\/rechtliches\/","title":{"rendered":"Was muss, das muss&#8230;&#8230; Rechtliches"},"content":{"rendered":"<div class=\"wp-block-buttons is-layout-flex wp-block-buttons-is-layout-flex\">\n<div class=\"wp-block-button\"><a class=\"wp-block-button__link has-contrast-2-background-color has-background wp-element-button\" href=\"#Buchungsbedingungen\">Boekingsvoorwaarden<\/a><\/div>\n\n\n\n<div class=\"wp-block-button\"><a class=\"wp-block-button__link has-contrast-2-background-color has-background wp-element-button\" href=\"#Datenschutzerkl\u00e4rung\">Privacybeleid<\/a><\/div>\n\n\n\n<div class=\"wp-block-button\"><a class=\"wp-block-button__link has-contrast-2-background-color has-background wp-element-button\" href=\"#Impressum\">Impressum<\/a><\/div>\n<\/div>\n\n\n\n<p><\/p>\n\n\n\n<div class=\"wp-block-getwid-anchor\" id=\"Buchungsbedingungen\"><\/div>\n\n\n\n<h1 class=\"wp-block-heading\">Onze boekingsvoorwaarden<\/h1>\n\n\n\n<h2 class=\"wp-block-heading\" id=\"block-d01bfd40-0d62-42ec-bc43-a5fd63ba3fb0\">Contract:<\/h2>\n\n\n\n<p id=\"block-5f7f925a-5fc1-4149-8ca0-2d79ec4e760a\">Met de boeking gaat de gast een bindende overeenkomst aan met de gastheer (verhuurder). De overeenkomst is gebaseerd op de beschrijving van de accomodatie en de aanvullende informatie in de boekingsovereenkomst zoals aan de klant beschikbaar is gesteld.<\/p>\n\n\n\n<p id=\"block-6a5d1731-a1c0-461d-bc33-a488f09e3d3c\">Boekingen kunnen worden gedaan, schriftelijk, per fax of via elektronische weg (e-mail, internet).<\/p>\n\n\n\n<p id=\"block-2c24f2bd-9426-4e59-be78-63a6353de400\">Het contract is geldig met de verklaring van aanvaarding (bevestiging) van de gastheer. Kennisgeving van aanvaarding zal ook in schriftelijke vorm (brief, fax, e-mail) worden bevestigt.<\/p>\n\n\n\n<p id=\"block-d815e1fd-70c7-486b-b39f-42d899973e7c\">Indien de inhoud van de bevestiging van de boeking afwijkt, komt er is een nieuw aanbod van de gastheer. Het contract op diet nieuwe aanbod is geldig, als de gast door uitdrukkelijke verklaring, betaling of eindbetaling overgaat.<\/p>\n\n\n\n<p id=\"block-14d7955c-daa9-45ac-b116-1e1d8a6f944e\">Als op verzoek van de gast een speciale prijsafspraak wordt gemaakt met de gastheer (verhuurder), zal deze overeekomst bindend zijn, als gast accepteert om het aanbod binnen de gestelde tijdslimiet van offerte te aanvaarden, of door direkte betaling of eindbetaling.<\/p>\n\n\n\n<h2 class=\"wp-block-heading\" id=\"block-c386ffd9-cbc1-42e3-bc33-5c5d9bc3070b\">Prijzen en diensten:<\/h2>\n\n\n\n<p id=\"block-03ef105b-b4fe-4f83-92e4-cf7f00a23d3d\">Die angegebenen Preise sind Endpreise und schlie\u00dfen die gesetzliche Mehrwertsteuer und alle Nebenkosten ein, soweit bez\u00fcglich der Nebenkosten nichts anderes angegeben ist. Gesondert anfallen und ausgewiesen werden, Entgelte f\u00fcr verbrauchsabh\u00e4ngig abgerechnete Leistungen (z.B. Kaminholz, Telefon) und f\u00fcr Wahl- und Zusatzleistungen.<\/p>\n\n\n\n<p id=\"block-a24c5224-10f6-400d-84fd-6bd34fdd2a71\">De door de gastheer verschuldigde diensten vloeien uitsluitend voort uit de inhoud van de reserveringsbevestiging in samenhang met de geldige brochure, website of woningbeschrijving, alsmede uit eventuele aanvullende afspraken die uitdrukkelijk met de gast zijn gemaakt.<\/p>\n\n\n\n<h2 class=\"wp-block-heading\" id=\"block-af6b3e93-860f-4930-82f4-4f9f309c1c7a\">Betaling:<\/h2>\n\n\n\n<p id=\"block-24ee92f9-e6f7-4dc9-a646-2b78a2b86a53\">Die F\u00e4lligkeit von Anzahlung und Restzahlung richtet sich nach der mit dem Gast getroffenen und in der Buchungsbest\u00e4tigung vermerkten Regelung. Grunds\u00e4tzlich erbitten wir eine Anzahlung von 20 %, die Restzahlung wird f\u00e4llig bei der Anreise (Barzahlung). Die mit der Buchungsbest\u00e4tigung mitgeteilten f\u00e4lligen Zahlungen sind innerhalb von 10 Tagen nach Erhalt der Buchungsbest\u00e4tigung f\u00e4llig. Bei kurzfristigen Buchungen muss der Betrag sp\u00e4testens 2 Tage vor Anreise gutgeschrieben sein.<\/p>\n\n\n\n<p id=\"block-bb37f593-4e0e-47af-b190-aae3a5bbe900\">Incidentele kosten, en extra diensten zullen worden berekend op het moment van vertrek. Voor dit doel is een constante betaling verplicht.<br><br>Als de gast een overeengekomen betaling ondanks aanmaningen door de gastheer niet binnen de gestelde limiet heeft voldaan, dan heeft de gastheer het recht om het contract met de gast te ontbinden, en annulieringskosten in rekening te brengen in overeenstemming met de geldende voorwaarden.<br><\/p>\n\n\n\n<h2 class=\"wp-block-heading has-x-large-font-size\" id=\"block-3a224e5c-8536-419d-8c4d-6470197d84ae\" style=\"margin-top:0;margin-bottom:0\">Aankomst en vertrek: <\/h2>\n\n\n\n<p id=\"block-7cb24510-4af5-47c9-aa86-390dc283af03\">U kunt de vakantiewoning vanaf 15:00 uur bewonen. Bij aankomst na 19.00 uur, vragen wij u ons dat vooraf te melden. Wij vragen u beleefd om op de dag van vertrek om 10.00 uur de woning te hebben verlaten.<\/p>\n\n\n\n<h2 class=\"wp-block-heading\" id=\"block-b5821306-713a-4da2-b5ec-eaf3fa5ebff7\">Annulering en niet-aankomst<\/h2>\n\n\n\n<p id=\"block-4ad50fd7-5f0c-45ce-bde3-5cf3b3fd62a1\">In geval van annulering blijft de vordering van de gastheer op betaling van de totale overeengekomen prijs en de betaling voor extra diensten bestaan, en heeft de gastheer het recht een andere huurder toe te laten.<\/p>\n\n\n\n<p id=\"block-9930e9b5-7e20-42ce-b08b-483351dd1ead\">Bij annuleren tot 30 dagen voor aankomst bereken wij 20 % van de totale prijs.<\/p>\n\n\n\n<p id=\"block-8d1dbcae-e48b-438d-a0df-37549988281f\">De gastheer dient rekening te houden met een eventuele alternatieve bezetting en, voor zover dit niet mogelijk is, met bespaarde kosten.<\/p>\n\n\n\n<p id=\"block-6fc655e3-64cd-40e4-b389-149a3cbc8df9\">Bij annuleren 14 dagen voor aankomst wordt 50 % berekend, en daarna vervolgens 90 % van de totaal overeengekomen huurprijs.<\/p>\n\n\n\n<p id=\"block-64e73e0a-cc99-4e03-8cf6-7865ae153a76\">__<\/p>\n\n\n\n<p id=\"block-96bd3edd-d186-4e63-867b-cb048ecea219\">Een annuleringsverzekering wordt daarom aanbevolen.<\/p>\n\n\n\n<h2 class=\"wp-block-heading\" id=\"block-2c5a954f-5889-43cb-b640-26a0ec179ec6\">Verplichtingen van de gast:<\/h2>\n\n\n\n<p id=\"block-50a2d5de-04e2-4297-ac3c-79f35c0f23eb\">De gast is verplicht de accommodatie en de faciliteiten daarvan, alsmede alle voorzieningen van de gastheer, uitsluitend overeenkomstig hun bestemming en met algehele zorgvuldigheid te behandelen.<\/p>\n\n\n\n<ul id=\"block-6691bec7-8055-4cce-891c-60193111bb02\" class=\"wp-block-list\">\n<li class=\"translation-block\">Huisdieren zijn uitdrukkelijk verboden in het huis. Dit is om allergologische redenen en geldt dus ook voor dieren die slechts korte tijd op bezoek zijn.<\/li>\n\n\n\n<li class=\"translation-block\">Ons huis is een niet-rokers huis, wij verzoeken u vriendelijk dit in acht te nemen.<\/li>\n\n\n\n<li>Het huis moet bezemschoon worden achtergelaten. Overtollig vuil moet worden verwijderd.<\/li>\n<\/ul>\n\n\n\n<p id=\"block-a3f81aeb-899a-4e72-bb13-e0df345205ee\"><em>Wij wijzen er uitdrukkelijk op dat overtredingen van voornoemde punten aanleiding zullen geven tot het aanrekenen van latere reinigingskosten.<\/em><\/p>\n\n\n\n<p id=\"block-c13b5ea3-dbe5-4e8c-91f0-ed37fa9aa76c\">De gast ist verplicht om storingen of gebreken direct aan de gastheer te melden, zodat deze direct kunnen worden opgelost.<\/p>\n\n\n\n<p id=\"block-b703d8e6-1b4e-4ca7-865a-904599b53923\">De gast kan het contract alleen opzeggen in geval van ernstige gebreken of storingen. Hij moet de gastheer eerst een redelijke termijn stellen voor het verhelpen van de gebreken in het kader van de kennisgeving van de gebreken, tenzij het verhelpen onmogelijk is of door de gastheer wordt geweigerd.<\/p>\n\n\n\n<p id=\"block-957281dd-f883-45fc-8fed-0acc28898828\">Schade ontstaan aan de woning tijdens het gebruik van de huur, moeten direct worden gemeld aan de verhuurder.<\/p>\n\n\n\n<p id=\"block-a3002631-7b1b-4415-bfe0-4f7d14b4debb\">Das Laden von <strong>E-Fahrzeugen<\/strong> (Kraftfahrzeuge) ist ausdr\u00fccklich untersagt. Sollte in einem besonderen Fall das Laden zwingend erforderlich sein, ist <strong>vorher<\/strong> der Vermieter oder der Ansprechpartner des Vermieters vor Ort zu kontaktieren. Verst\u00f6\u00dfe hiergegen werden sanktioniert. Sollten Sch\u00e4den durch \u00dcberlastung der Hausinstallation eintreten sind diese vom Verursacher zu ersetzen.<\/p>\n\n\n\n<h2 class=\"wp-block-heading\" id=\"block-521190ee-b36b-4cd5-a66f-cb8303e1b7a8\">Beperking van aansprakelijkheid<\/h2>\n\n\n\n<p id=\"block-17145748-0d1a-44a7-a9db-af471aa25843\">De gastheer is niet aansprakelijk voor storingen in de dienstverlening in verband met diensten die tijdens het verblijf voor de gast als externe diensten herkenbaar zijn. Hetzelfde geldt voor externe diensten die reeds samen met de boeking van de accommodatie worden geregeld, voor zover deze in de uitnodiging tot inschrijving of de boekingsbevestiging uitdrukkelijk als externe diensten worden aangemerkt.<\/p>\n\n\n\n<hr class=\"wp-block-separator has-alpha-channel-opacity is-style-wide\" style=\"margin-top:var(--wp--preset--spacing--50);margin-bottom:var(--wp--preset--spacing--50)\"\/>\n\n\n\n<div class=\"wp-block-getwid-anchor\" id=\"Datenschutzerkl\u00e4rung\"><\/div>\n\n\n\n<h2 class=\"wp-block-heading\"><strong>Privacybeleid<\/strong><\/h2>\n\n\n\n<h2 class=\"wp-block-heading\">Datenschutzbestimmungen<\/h2>\n\n\n\n<p>Wir freuen uns \u00fcber Ihren Besuch auf unserer Webseite. Entsprechend der Vorschriften des Telemediengesetzes und der datenschutzrechtlichen Bestimmungen (u. a. DSGVO) m\u00f6chten wir Sie \u00fcber Art, Umfang und Zweck der Erhebung personenbezogener Daten auf unserer Webseite informieren.<\/p>\n\n\n\n<p>Wir legen gro\u00dfen Wert auf den Schutz Ihrer personenbezogenen Daten. Nachfolgend erkl\u00e4ren wir, wie wir mit Ihren personenbezogenen Daten umgehen, insbesondere, welche Informationen wir von Ihnen sammeln und weiter verwenden.<\/p>\n\n\n\n<h3 class=\"wp-block-heading\">Name und Kontaktdaten des f\u00fcr die Verarbeitung Verantwortlichen im Sinne von Art. 4 Nr. 7 DSGVO<\/h3>\n\n\n\n<p>Thorsten Erdmann<br>Allerstr. 47, 44287 Dortmund, Deutschland<br>Email: info@ferienhauserdmann.de<br>Telefon: +49 (0)231 7769939<br><\/p>\n\n\n\n<h3 class=\"wp-block-heading\">Erhebung und Speicherung personenbezogener Daten sowie Art und Zweck von deren Verwendung<\/h3>\n\n\n\n<p>Beim Aufrufen unserer Webseite www.ferienhauserdmann.de werden durch den auf Ihrem Endger\u00e4t zum Einsatz kommenden Browser automatisch Informationen an den Server unserer Webseite gesendet. Diese Informationen werden tempor\u00e4r in einem sogenannten Logfile gespeichert. Folgende Informationen werden dabei ohne Ihr Zutun erfasst und bis zur automatisierten L\u00f6schung gespeichert:<\/p>\n\n\n\n<ul class=\"wp-block-list\">\n<li>IP-Adresse des anfragenden Rechners, Mobilger\u00e4ts oder sonstigem internetf\u00e4higem Zugangsger\u00e4t<\/li>\n\n\n\n<li>Datum und Uhrzeit des Zugriffs,<\/li>\n\n\n\n<li>Name und URL der abgerufenen Datei,<\/li>\n\n\n\n<li>ggf. Webseite, von der aus der Zugriff erfolgt (Referrer-URL),<\/li>\n\n\n\n<li>verwendeter Browser und ggf. das Betriebssystem Ihres Rechners sowie der Name Ihres Access-Providers.<\/li>\n<\/ul>\n\n\n\n<p>Die genannten Daten werden durch uns zu folgenden Zwecken verarbeitet:<\/p>\n\n\n\n<ul class=\"wp-block-list\">\n<li>Gew\u00e4hrleistung eines reibungslosen Verbindungsaufbaus der Webseite,<\/li>\n\n\n\n<li>Gew\u00e4hrleistung einer komfortablen Nutzung unserer Webseite,<\/li>\n\n\n\n<li>Auswertung der Systemsicherheit und -stabilit\u00e4t sowie<\/li>\n\n\n\n<li>zu weiteren administrativen Zwecken.<\/li>\n<\/ul>\n\n\n\n<p>Die Rechtsgrundlage f\u00fcr die Datenverarbeitung ist Art. 6 Abs. 1 S. 1 Buchst. f DSGVO. Unser berechtigtes Interesse folgt aus oben aufgelisteten Zwecken zur Datenerhebung. In keinem Fall verwenden wir die erhobenen Daten zu dem Zweck, R\u00fcckschl\u00fcsse auf Ihre Person zu ziehen. Sofern technisch erforderlich, werden Cookies genutzt, diese haben neben dem technischen Zweck keine Bewandnis, sie werden nicht ausgewertet oder f\u00fcr andere Zwecke au\u00dferhalb der Sicherstellung des technischen Betriebs genutzt. <\/p>\n\n\n\n<h3 class=\"wp-block-heading\">Weitergabe von Daten<\/h3>\n\n\n\n<p>Eine \u00dcbermittlung Ihrer pers\u00f6nlichen Daten an Dritte zu anderen als den im Folgenden aufgef\u00fchrten Zwecken findet nicht statt.Wir geben Ihre pers\u00f6nlichen Daten nur an Dritte weiter, wenn:<\/p>\n\n\n\n<ul class=\"wp-block-list\">\n<li>Sie Ihre nach Art. 6 Abs. 1 S. 1 lit. a DSGVO ausdr\u00fcckliche Einwilligung dazu erteilt haben,<\/li>\n\n\n\n<li>die Weitergabe nach Art. 6 Abs. 1 S. 1 lit. f DSGVO zur Geltendmachung, Aus\u00fcbung oder Verteidigung von Rechtsanspr\u00fcchen erforderlich ist und kein Grund zur Annahme besteht, dass Sie ein \u00fcberwiegendes schutzw\u00fcrdiges Interesse an der Nichtweitergabe Ihrer Daten haben,<\/li>\n\n\n\n<li>f\u00fcr den Fall, dass f\u00fcr die Weitergabe nach Art. 6 Abs. 1 S. 1 lit. c DSGVO eine gesetzliche Verpflichtung besteht, sowie dies gesetzlich zul\u00e4ssig und nach Art. 6 Abs. 1 S. 1 lit. b DSGVO f\u00fcr die Abwicklung von Vertragsverh\u00e4ltnissen mit Ihnen erforderlich ist.<\/li>\n<\/ul>\n\n\n\n<h3 class=\"wp-block-heading\">Analyse-Tools<\/h3>\n\n\n\n<p>Wir setzen keine Analyse-Tools wie z. B. Google Analytics oder Piwik ein.<\/p>\n\n\n\n<h3 class=\"wp-block-heading\">Social Media Plug-ins<\/h3>\n\n\n\n<p>Wir setzen auf unserer Webseite keine Social Plug-ins der sozialen Netzwerke wie z. B. Facebook, Twitter oder Instagram ein.<\/p>\n\n\n\n<h3 class=\"wp-block-heading\">Betroffenenrechte<\/h3>\n\n\n\n<p>Sie haben das Recht:<\/p>\n\n\n\n<ul class=\"wp-block-list\">\n<li>gem\u00e4\u00df Art. 15 DSGVO Auskunft \u00fcber Ihre von uns verarbeiteten personenbezogenen Daten zu verlangen. Insbesondere k\u00f6nnen Sie Auskunft \u00fcber die Verarbeitungszwecke, die Kategorie der personenbezogenen Daten, die Kategorien von Empf\u00e4ngern, gegen\u00fcber denen Ihre Daten offengelegt wurden oder werden, die geplante Speicherdauer, das Bestehen eines Rechts auf Berichtigung, L\u00f6schung, Einschr\u00e4nkung der Verarbeitung oder Widerspruch, das Bestehen eines Beschwerderechts, die Herkunft ihrer Daten, sofern diese nicht bei uns erhoben wurden, verlangen;<\/li>\n\n\n\n<li>gem\u00e4\u00df Art. 16 DSGVO unverz\u00fcglich die Berichtigung unrichtiger oder Vervollst\u00e4ndigung Ihrer bei uns gespeicherten personenbezogenen Daten zu verlangen;<\/li>\n\n\n\n<li>gem\u00e4\u00df Art. 17 DSGVO die L\u00f6schung Ihrer bei uns gespeicherten personenbezogenen Daten zu verlangen, soweit nicht die Verarbeitung zur Aus\u00fcbung des Rechts auf freie Meinungs\u00e4u\u00dferung und Information, zur Erf\u00fcllung einer rechtlichen Verpflichtung, aus Gr\u00fcnden des \u00f6ffentlichen Interesses oder zur Geltendmachung, Aus\u00fcbung oder Verteidigung von Rechtsanspr\u00fcchen erforderlich ist;<\/li>\n\n\n\n<li>gem\u00e4\u00df Art. 18 DSGVO die Einschr\u00e4nkung der Verarbeitung Ihrer personenbezogenen Daten zu verlangen, soweit die Richtigkeit der Daten von Ihnen bestritten wird, die Verarbeitung unrechtm\u00e4\u00dfig ist, Sie aber deren L\u00f6schung ablehnen und wir die Daten nicht mehr ben\u00f6tigen, Sie jedoch diese zur Geltendmachung, Aus\u00fcbung oder Verteidigung von Rechtsanspr\u00fcchen ben\u00f6tigen oder Sie gem\u00e4\u00df Art. 21 DSGVO Widerspruch gegen die Verarbeitung eingelegt haben;<\/li>\n\n\n\n<li>gem\u00e4\u00df Art. 20 DSGVO Ihre personenbezogenen Daten, die Sie uns bereitgestellt haben, in einem strukturierten, g\u00e4ngigen und maschinenlesebaren Format zu erhalten oder die \u00dcbermittlung an einen anderen Verantwortlichen zu verlangen;<\/li>\n\n\n\n<li>gem\u00e4\u00df Art. 7 Abs. 3 DSGVO Ihre einmal erteilte Einwilligung jederzeit gegen\u00fcber uns zu widerrufen. Dies hat zur Folge, dass wir die Datenverarbeitung, die auf dieser Einwilligung beruhte, f\u00fcr die Zukunft nicht mehr fortf\u00fchren d\u00fcrfen und<\/li>\n\n\n\n<li>gem\u00e4\u00df Art. 77 DSGVO sich bei einer Aufsichtsbeh\u00f6rde zu beschweren. In der Regel k\u00f6nnen Sie sich hierf\u00fcr an die Aufsichtsbeh\u00f6rde Ihres \u00fcblichen Aufenthaltsortes oder Arbeitsplatzes oder unseres Sitzes wenden.<\/li>\n<\/ul>\n\n\n\n<h3 class=\"wp-block-heading\">Widerspruchsrecht<\/h3>\n\n\n\n<p>Sofern Ihre personenbezogenen Daten auf Grundlage von berechtigten Interessen gem\u00e4\u00df Art. 6 Abs. 1 S. 1 lit. f DSGVO verarbeitet werden, haben Sie das Recht, gem\u00e4\u00df Art. 21 DSGVO Widerspruch gegen die Verarbeitung Ihrer personenbezogenen Daten einzulegen, soweit daf\u00fcr Gr\u00fcnde vorliegen, die sich aus Ihrer besonderen Situation ergeben oder sich der Widerspruch gegen Direktwerbung richtet. Im letzteren Fall haben Sie ein generelles Widerspruchsrecht, das ohne Angabe einer besonderen Situation von uns umgesetzt wird.<\/p>\n\n\n\n<p>M\u00f6chten Sie von Ihrem Widerrufs- oder Widerspruchsrecht Gebrauch machen, gen\u00fcgt eine E-Mail an&nbsp;<a href=\"https:\/\/ferienhauserdmann.de\/nl\/info@ferienhauserdmann.de\/\">info@ferienhauserdmann.de<\/a>&nbsp;.<\/p>\n\n\n\n<h3 class=\"wp-block-heading\">Kontaktformular und E-Mail-Kontakt<\/h3>\n\n\n\n<p><strong>Beschreibung und Umfang der Datenverarbeitung<\/strong><br>Auf unserer Website&nbsp;ist ein Kontaktformular vorhanden, welches&nbsp;f\u00fcr die elektronische Kontaktaufnahme genutzt werden kann. Nimmt ein Nutzer diese M\u00f6glichkeit wahr, so werden die in der Eingabemaske eingegeben Daten an uns \u00fcbermittelt und gespeichert. Diese Daten sind:<br>(1) Name<br>(2) E-Mail-Adresse<br>(3) Telefonnummer<br>(3) Nachricht<\/p>\n\n\n\n<p>Im Zeitpunkt der Absendung der Nachricht werden zudem folgende Daten gespeichert:<br>(1) Die IP-Adresse des Nutzers<br>(2)&nbsp;Datum und Uhrzeit des Versands<\/p>\n\n\n\n<p>Alternativ ist eine Kontaktaufnahme \u00fcber die bereitgestellte E-Mail-Adresse m\u00f6glich. In diesem Fall werden die mit der E-Mail \u00fcbermittelten personenbezogenen Daten des Nutzers gespeichert.&nbsp;<\/p>\n\n\n\n<p>Es erfolgt in diesem Zusammenhang keine Weitergabe der Daten an Dritte. Die Daten werden ausschlie\u00dflich f\u00fcr die Bearbeitung Ihrer Anfrage \/ Buchung \/Konversation verwendet.<\/p>\n\n\n\n<p><strong>Rechtsgrundlage f\u00fcr die Datenverarbeitung&nbsp;<\/strong><br>Rechtsgrundlage f\u00fcr die Verarbeitung der Daten ist bei Vorliegen einer Einwilligung des Nutzers Art. 6 Abs. 1 lit. a DSGVO.<\/p>\n\n\n\n<p>Rechtsgrundlage f\u00fcr die Verarbeitung der Daten, die im Zuge einer \u00dcbersendung einer E-Mail \u00fcbermittelt werden, ist Art. 6 Abs. 1 lit. f DSGVO. Zielt der E-Mail-Kontakt auf den Abschluss eines Vertrages ab, so ist zus\u00e4tzliche Rechtsgrundlage f\u00fcr die Verarbeitung Art. 6 Abs. 1 lit. b DSGVO.<\/p>\n\n\n\n<p><strong>Zweck der Datenverarbeitung<\/strong><br>Die Verarbeitung der personenbezogenen Daten aus der Eingabemaske dient uns allein zur Bearbeitung der Kontaktaufnahme. Im Falle einer Kontaktaufnahme per E-Mail liegt hieran auch das erforderliche berechtigte Interesse an der Verarbeitung der Daten.<br>Die sonstigen w\u00e4hrend des Absendevorgangs verarbeiteten personenbezogenen Daten dienen dazu, einen Missbrauch des Kontaktformulars zu verhindern und die Sicherheit unserer informationstechnischen Systeme sicherzustellen.<\/p>\n\n\n\n<p><strong>Dauer der Speicherung<\/strong><br>Die Daten werden gel\u00f6scht, sobald sie f\u00fcr die Erreichung des Zweckes ihrer Erhebung nicht mehr erforderlich sind. F\u00fcr die personenbezogenen Daten aus der Eingabemaske des Kontaktformulars und diejenigen, die per E-Mail \u00fcbersandt wurden, ist dies dann der Fall, wenn die jeweilige Konversation mit dem Nutzer beendet ist. Beendet ist die Konversation dann, wenn sich aus den Umst\u00e4nden entnehmen l\u00e4sst, dass der betroffene Sachverhalt abschlie\u00dfend gekl\u00e4rt ist.&nbsp;Sofern gesetzliche Aufbewahrungspflichten bestehen, wie zum Beispiel Nachweise f\u00fcr steuerliche Angelegenheiten, so gelten die diesbez\u00fcglichen Aufbewahrungsfristen. <\/p>\n\n\n\n<p><strong>Widerspruchs- und Beseitigungsm\u00f6glichkeit<\/strong><br>Der Nutzer hat jederzeit die M\u00f6glichkeit, seine Einwilligung zur Verarbeitung der personenbezogenen Daten zu widerrufen. Nimmt der Nutzer per E-Mail&nbsp;Kontakt mit uns auf, so kann er der Speicherung seiner personenbezogenen Daten jederzeit widersprechen. In einem solchen Fall kann die Konversation nicht fortgef\u00fchrt werden. Alle personenbezogenen Daten, die im Zuge der Kontaktaufnahme gespeichert wurden, werden in diesem Fall gel\u00f6scht.<\/p>\n\n\n\n<h2 class=\"wp-block-heading\">Datensicherheit<\/h2>\n\n\n\n<p>Wir verwenden innerhalb des Webseiten-Besuchs das verbreitete SSL-Verfahren (Secure Socket Layer) in Verbindung mit der jeweils h\u00f6chsten Verschl\u00fcsselungsstufe, die von Ihrem Browser unterst\u00fctzt wird. In der Regel handelt es sich dabei um eine 256 Bit Verschl\u00fcsselung. Falls Ihr Browser keine 256-Bit Verschl\u00fcsselung unterst\u00fctzt, wird stattdessen auf 128-Bit v3 Technologie zur\u00fcckgegriffen. Ob eine einzelne Seite unseres Internetauftrittes verschl\u00fcsselt \u00fcbertragen wird, erkennen Sie an der geschlossenen Darstellung des Sch\u00fcssel- beziehungsweise Schloss-Symbols in Ihrem Browser. Wir bedienen uns im \u00dcbrigen geeigneter technischer und organisatorischer Sicherheitsma\u00dfnahmen, um Ihre Daten gegen zuf\u00e4llige oder vors\u00e4tzliche Manipulationen, teilweisen oder vollst\u00e4ndigen Verlust, Zerst\u00f6rung oder gegen den unbefugten Zugriff Dritter zu sch\u00fctzen.<\/p>\n\n\n\n<h2 class=\"wp-block-heading\">Auftragsdatenverarbeitung<\/h2>\n\n\n\n<p>Unser Hoster ist im Rahmen der Auftragsdatenverarbeitung zur Einhaltung der datenschutzrechtlichen Bestimmungen der DSGVO verpflichtet.<\/p>\n\n\n\n<p>Diese Datenschutzerkl\u00e4rung gilt nur f\u00fcr Inhalte auf unserem Server und kann nicht die auf unserer Seite verlinkten Webseiten umfassen. Sollten Sie Fragen zu dieser Datenschutzerkl\u00e4rung haben, wenden Sie sich gerne an uns.<\/p>\n\n\n\n<h2 class=\"wp-block-heading\">Haftung<\/h2>\n\n\n\n<p>Die Inhalte dieser Webseite wurden mit gr\u00f6\u00dftm\u00f6glicher Sorgfalt erstellt. Es besteht keine Haftung f\u00fcr fehlerhafte oder unrichtige Information. Trotz sorgf\u00e4ltiger inhaltlicher Kontrolle \u00fcbernehmen wir keine Haftung f\u00fcr die Inhalte\u00a0<a href=\"https:\/\/ferienhauserdmann.de\/nl\/linkseite.html\/\">externer Links<\/a>. Externe Links sind durch ein Pfeilzeichen nach rechts oben \u2b08 gekennzeichnet.  Durch die Nutzung der Links werden ihre Daten (insbesondere Ihre IP Adresse) an die Webseite weitergegeben. F\u00fcr den Inhalt der verlinkten Seiten sind ausschlie\u00dflich deren Betreiber verantwortlich.<\/p>\n\n\n\n<h2 class=\"wp-block-heading\">Urheberrecht       <\/h2>\n\n\n\n<p>Alle Inhalte dieser Webseite unterliegen dem Urheberrecht. Jegliche Verwendung -auch auszugsweise- bedarf der vorherigen schriftlichen Genehmigung.<\/p>\n\n\n\n<h2 class=\"wp-block-heading\">&nbsp;Schlichtungsinformation<\/h2>\n\n\n\n<p>Ich bin nicht bereit oder verpflichtet, an Streitbeilegungsverfahren vor einer Verbraucherschlichtungsstelle teilzunehmen.<\/p>\n\n\n\n<hr class=\"wp-block-separator has-alpha-channel-opacity is-style-wide\" style=\"margin-top:var(--wp--preset--spacing--60);margin-bottom:var(--wp--preset--spacing--60)\"\/>\n\n\n\n<div class=\"wp-block-getwid-anchor\" id=\"Impressum\"><\/div>\n\n\n\n<h1 class=\"wp-block-heading\">Impressum<\/h1>\n\n\n\n<p><strong>Romantik Ferienhaus 1854<\/strong><br>Thorsten Erdmann<br>Allerstr. 47<br>44287 Dortmund<br><br>Telefon: 0231\/7769939<br>E-Mail: info@ferienhauserdmann.de<\/p>","protected":false},"excerpt":{"rendered":"<p>Unsere Buchungsbedingungen Vertragsabschluss: Mit der Buchung bietet der Gast dem Gastgeber den Abschluss des Gastaufnahmevertrages verbindlich an. Grundlage dieses Angebots sind die Beschreibung der Unterkunft und die erg\u00e4nzenden Informationen in der Buchungsgrundlage, soweit diese dem Kunden vorliegen. Die Buchung kann schriftlich, per Telefax oder auf elektronischem Wege (E-Mail, Internet) erfolgen. Der Vertrag kommt mit dem [&hellip;]<\/p>\n","protected":false},"author":1,"featured_media":0,"parent":0,"menu_order":60,"comment_status":"closed","ping_status":"closed","template":"","meta":{"footnotes":""},"class_list":["post-3","page","type-page","status-publish","hentry"],"aioseo_notices":[],"_links":{"self":[{"href":"https:\/\/ferienhauserdmann.de\/nl\/wp-json\/wp\/v2\/pages\/3","targetHints":{"allow":["GET"]}}],"collection":[{"href":"https:\/\/ferienhauserdmann.de\/nl\/wp-json\/wp\/v2\/pages"}],"about":[{"href":"https:\/\/ferienhauserdmann.de\/nl\/wp-json\/wp\/v2\/types\/page"}],"author":[{"embeddable":true,"href":"https:\/\/ferienhauserdmann.de\/nl\/wp-json\/wp\/v2\/users\/1"}],"replies":[{"embeddable":true,"href":"https:\/\/ferienhauserdmann.de\/nl\/wp-json\/wp\/v2\/comments?post=3"}],"version-history":[{"count":24,"href":"https:\/\/ferienhauserdmann.de\/nl\/wp-json\/wp\/v2\/pages\/3\/revisions"}],"predecessor-version":[{"id":1748,"href":"https:\/\/ferienhauserdmann.de\/nl\/wp-json\/wp\/v2\/pages\/3\/revisions\/1748"}],"wp:attachment":[{"href":"https:\/\/ferienhauserdmann.de\/nl\/wp-json\/wp\/v2\/media?parent=3"}],"curies":[{"name":"wp","href":"https:\/\/api.w.org\/{rel}","templated":true}]}}