{"id":300,"date":"2025-12-05T14:06:46","date_gmt":"2025-12-05T13:06:46","guid":{"rendered":"https:\/\/ferienhauserdmann.de\/?page_id=300"},"modified":"2025-12-05T18:55:41","modified_gmt":"2025-12-05T17:55:41","slug":"lage","status":"publish","type":"page","link":"https:\/\/ferienhauserdmann.de\/nl\/lage\/","title":{"rendered":"Lage, Umgebung und Anreise"},"content":{"rendered":"<div class=\"wp-block-buttons is-layout-flex wp-block-buttons-is-layout-flex\">\n<div class=\"wp-block-button\"><a class=\"wp-block-button__link has-contrast-2-background-color has-background wp-element-button\" href=\"#Lage\">Ligging<\/a><\/div>\n\n\n\n<div class=\"wp-block-button\"><a class=\"wp-block-button__link has-contrast-2-background-color has-background wp-element-button\" href=\"#Umgebung\">Omgeving<\/a><\/div>\n\n\n\n<div class=\"wp-block-button\"><a class=\"wp-block-button__link has-contrast-2-background-color has-background wp-element-button\" href=\"#Anreise\">Aankomst<\/a><\/div>\n<\/div>\n\n\n\n<div class=\"wp-block-getwid-anchor\" id=\"Lage\"><\/div>\n\n\n\n<h2 class=\"wp-block-heading\">Onze vakantiewoning<\/h2>\n\n\n\n<div class=\"wp-block-columns is-layout-flex wp-container-core-columns-is-layout-28f84493 wp-block-columns-is-layout-flex\">\n<div class=\"wp-block-column is-layout-flow wp-block-column-is-layout-flow\" style=\"flex-basis:100%\">\n<div class=\"wp-block-columns is-layout-flex wp-container-core-columns-is-layout-28f84493 wp-block-columns-is-layout-flex\">\n<div class=\"wp-block-column is-layout-flow wp-block-column-is-layout-flow\">\n<figure class=\"wp-block-image size-large\"><a href=\"https:\/\/ferienhauserdmann.de\/wp-content\/uploads\/2021\/06\/Bild_2021-06-08_135735.png\"><img loading=\"lazy\" decoding=\"async\" width=\"1025\" height=\"606\" src=\"https:\/\/ferienhauserdmann.de\/wp-content\/uploads\/2021\/06\/Bild_2021-06-08_135735.png\" alt=\"Kartenausschnitt von der Umgebung \" class=\"wp-image-301\" srcset=\"https:\/\/ferienhauserdmann.de\/wp-content\/uploads\/2021\/06\/Bild_2021-06-08_135735.png 1025w, https:\/\/ferienhauserdmann.de\/wp-content\/uploads\/2021\/06\/Bild_2021-06-08_135735-300x177.png 300w, https:\/\/ferienhauserdmann.de\/wp-content\/uploads\/2021\/06\/Bild_2021-06-08_135735-768x454.png 768w, https:\/\/ferienhauserdmann.de\/wp-content\/uploads\/2021\/06\/Bild_2021-06-08_135735-892x527.png 892w\" sizes=\"auto, (max-width: 1025px) 100vw, 1025px\" \/><\/a><figcaption class=\"wp-element-caption\">De omgeving van Heinrichsdorf, te voet bereikbaar<\/figcaption><\/figure>\n\n\n\n<p><\/p>\n<\/div>\n\n\n\n<div class=\"wp-block-column is-layout-flow wp-block-column-is-layout-flow\">\n<p>Ons vakantiehuis ligt midden in het Hochsauerlandkreis. Heinrichsdorf is een van de 11 dorpen die bij de stad Olsberg horen. Het ligt op een hoogte van bijna 650 m. Dit garandeert een prachtig uitzicht, frisse lucht en ontspanning.<\/p>\n\n\n\n<p>Niet ver van Heinrichsdorf liggen de kleine plaatsjes Elpe, Wasserfall en Ramsbeck, die te voet bereikbaar zijn.<\/p>\n<\/div>\n<\/div>\n<\/div>\n<\/div>\n\n\n\n<p><br>De bekende sport- en recreatiebestemmingen van het Sauerland liggen niet ver weg:<\/p>\n\n\n\n<figure class=\"wp-block-table\"><table><tbody><tr><td class=\"has-text-align-left\" data-align=\"left\">Winterberg<\/td><td>16 Km<\/td><\/tr><tr><td class=\"has-text-align-left\" data-align=\"left\">Willingen<\/td><td>25 Km<\/td><\/tr><tr><td class=\"has-text-align-left\" data-align=\"left\">Hennesee<\/td><td>21 Km<\/td><\/tr><tr><td class=\"has-text-align-left\" data-align=\"left\">Bruchhauser Steine<\/td><td>16 Km<\/td><\/tr><\/tbody><\/table><\/figure>\n\n\n\n<p><\/p>\n\n\n\n<hr class=\"wp-block-separator has-alpha-channel-opacity\" style=\"margin-top:var(--wp--preset--spacing--30);margin-bottom:var(--wp--preset--spacing--30)\"\/>\n\n\n\n<div class=\"wp-block-getwid-anchor\" id=\"Umgebung\"><\/div>\n\n\n\n<h1 class=\"wp-block-heading\">In de buurt...<\/h1>\n\n\n\n<figure class=\"wp-block-image\"><img decoding=\"async\" src=\"https:\/\/ferienhauserdmann.de\/wp-content\/uploads\/2021\/07\/DSC01169n-892x482.jpg\" alt=\"\"\/><\/figure>\n\n\n\n<p>In het naburige dorp Ramsbeck vindt u een bakkerij met caf\u00e9, een Volksbank, een Sparkasse, een pizzeria met bezorgservice, een drankenhandel en een apotheek. Als u Heinrichsdorf in de andere richting verlaat, komt u in Elpe, waar u een leuke bakkerij met caf\u00e9 vindt.<\/p>\n\n\n\n<p>Verschillende goed bewegwijzerde wandelpaden beginnen in de directe omgeving van het huis. Er zijn verschillende rondwandelingen met verschillende afstanden, waarvan de meeste gemakkelijk tot matig moeilijk zijn. U heeft hier ook toegang tot de bekende wandelroute \"Bestwiger Panoramaweg\" en de langeafstandswandelroute \"Wilhelm-M\u00fcnker-Weg\".<\/p>\n\n\n\n<figure class=\"wp-block-image\"><img loading=\"lazy\" decoding=\"async\" width=\"1024\" height=\"683\" src=\"https:\/\/ferienhauserdmann.de\/wp-content\/uploads\/2021\/06\/068_68-1024x683.jpg\" alt=\"\" class=\"wp-image-403\" srcset=\"https:\/\/ferienhauserdmann.de\/wp-content\/uploads\/2021\/06\/068_68-1024x683.jpg 1024w, https:\/\/ferienhauserdmann.de\/wp-content\/uploads\/2021\/06\/068_68-300x200.jpg 300w, https:\/\/ferienhauserdmann.de\/wp-content\/uploads\/2021\/06\/068_68-768x512.jpg 768w, https:\/\/ferienhauserdmann.de\/wp-content\/uploads\/2021\/06\/068_68-1536x1024.jpg 1536w, https:\/\/ferienhauserdmann.de\/wp-content\/uploads\/2021\/06\/068_68-2048x1365.jpg 2048w, https:\/\/ferienhauserdmann.de\/wp-content\/uploads\/2021\/06\/068_68-892x594.jpg 892w, https:\/\/ferienhauserdmann.de\/wp-content\/uploads\/2021\/06\/068_68-150x100.jpg 150w\" sizes=\"auto, (max-width: 1024px) 100vw, 1024px\" \/><\/figure>\n\n\n\n<p id=\"spielplatz1\">Op 100 meter afstand ligt een mooie speeltuin en een klein voetbalveld, zodat ook uw kinderen of kleinkinderen voldoende bewegingsmogelijkheden hebben.<\/p>\n\n\n\n<p>Alle verdere informatie over recreatiemogelijkheden in de omgeving hebben we voor u op andere pagina's apart voor zomer en winter verzameld.<\/p>\n\n\n\n<hr class=\"wp-block-separator has-alpha-channel-opacity\" style=\"margin-top:var(--wp--preset--spacing--40);margin-bottom:var(--wp--preset--spacing--40)\"\/>\n\n\n\n<div class=\"wp-block-getwid-anchor\" id=\"Anreise\"><\/div>\n\n\n\n<h1 class=\"wp-block-heading\">Alles over uw reis<\/h1>\n\n\n\n<div style=\"height:4px\" aria-hidden=\"true\" class=\"wp-block-spacer\"><\/div>\n\n\n\n<div class=\"wp-block-columns is-layout-flex wp-container-core-columns-is-layout-28f84493 wp-block-columns-is-layout-flex\">\n<div class=\"wp-block-column is-layout-flow wp-block-column-is-layout-flow\" style=\"flex-basis:50%\">\n<p><\/p>\n\n\n\n<p class=\"has-text-align-center has-medium-font-size\">Ferienhaus Erdmann<br>Bergmannsweg 5<br>59939 Olsberg (Heinrichsdorf)<\/p>\n<\/div>\n\n\n\n<div class=\"wp-block-column is-layout-flow wp-block-column-is-layout-flow\" style=\"flex-basis:50%\">\n<figure class=\"wp-block-image size-large is-style-rounded is-style-rounded--1\"><img loading=\"lazy\" decoding=\"async\" width=\"1024\" height=\"620\" src=\"https:\/\/ferienhauserdmann.de\/wp-content\/uploads\/2021\/05\/DSC01177nwpw-1024x620.jpg\" alt=\"Ferienhaus Erdmann von der Stra\u00dfenseite\" class=\"wp-image-139\" srcset=\"https:\/\/ferienhauserdmann.de\/wp-content\/uploads\/2021\/05\/DSC01177nwpw-1024x620.jpg 1024w, https:\/\/ferienhauserdmann.de\/wp-content\/uploads\/2021\/05\/DSC01177nwpw-300x182.jpg 300w, https:\/\/ferienhauserdmann.de\/wp-content\/uploads\/2021\/05\/DSC01177nwpw-768x465.jpg 768w, https:\/\/ferienhauserdmann.de\/wp-content\/uploads\/2021\/05\/DSC01177nwpw-1536x930.jpg 1536w, https:\/\/ferienhauserdmann.de\/wp-content\/uploads\/2021\/05\/DSC01177nwpw.jpg 2000w\" sizes=\"auto, (max-width: 1024px) 100vw, 1024px\" \/><\/figure>\n<\/div>\n<\/div>\n\n\n\n<h4 class=\"wp-block-heading has-medium-font-size\">Hoe bereikt u ons per auto:<\/h4>\n\n\n\n<p class=\"has-normal-font-size\">Ons vakantiehuis is zeer goed bereikbaar met de auto. De reis via de nabijgelegen snelweg A445\/A46 verloopt snel en probleemloos. Vanaf de afrit \"Bestwig\" bent u in slechts ongeveer 15 minuten bij uw vakantiebestemming. Voor het plannen van uw reis kunt u gebruikmaken van de onderstaande link naar Google Maps.&nbsp;<a href=\"https:\/\/goo.gl\/maps\/vG8pakb2KTu\">Naar routeplanning met Google Maps<\/a><\/p>\n\n\n\n<h4 class=\"wp-block-heading has-medium-font-size\">Reist u zonder auto?<\/h4>\n\n\n\n<p class=\"has-normal-font-size\">Die n\u00e4chstgelegenen Bahnh\u00f6fe befinden sich in Bestwig (ca. 10 Km) und Olsberg (ca. 14 Km). Von diesen k\u00f6nnen Sie mit dem Bus oder Taxi anreisen. Die Busse fahren regelm\u00e4\u00dfig Heinrichsdorf an. Von der Bushaltestelle sind es dann nur noch 50 Meter bis zu unserem Ferienhaus.<\/p>\n\n\n\n<p class=\"has-normal-font-size\">Via de volgende link kunt u de reis plannen.&nbsp;<a href=\"http:\/\/reiseauskunft.bahn.de\/bin\/query2.exe\/dn?rt=1&amp;\">Deutsche Bahn.<\/a><\/p>","protected":false},"excerpt":{"rendered":"<p>Gelegen ist&#8230;&#8230;. unser Ferienhaus mitten im Hochsauerlandkreis. Heinrichsdorf ist eines von 11 D\u00f6rfern, die zur Stadt Olsberg geh\u00f6ren. Es liegt auf einer H\u00f6he von fast 650 m. Dies garantiert sch\u00f6ne Ausblicke, frische Luft und Erholung. Unweit von Heinrichsdorf liegen die kleinen Orte Elpe, Wasserfall und Ramsbeck, die fu\u00dfl\u00e4ufig zu erreichen sind. Die bekannten Sport- u. [&hellip;]<\/p>\n","protected":false},"author":1,"featured_media":352,"parent":0,"menu_order":300,"comment_status":"closed","ping_status":"closed","template":"","meta":{"footnotes":""},"class_list":["post-300","page","type-page","status-publish","has-post-thumbnail","hentry"],"aioseo_notices":[],"_links":{"self":[{"href":"https:\/\/ferienhauserdmann.de\/nl\/wp-json\/wp\/v2\/pages\/300","targetHints":{"allow":["GET"]}}],"collection":[{"href":"https:\/\/ferienhauserdmann.de\/nl\/wp-json\/wp\/v2\/pages"}],"about":[{"href":"https:\/\/ferienhauserdmann.de\/nl\/wp-json\/wp\/v2\/types\/page"}],"author":[{"embeddable":true,"href":"https:\/\/ferienhauserdmann.de\/nl\/wp-json\/wp\/v2\/users\/1"}],"replies":[{"embeddable":true,"href":"https:\/\/ferienhauserdmann.de\/nl\/wp-json\/wp\/v2\/comments?post=300"}],"version-history":[{"count":15,"href":"https:\/\/ferienhauserdmann.de\/nl\/wp-json\/wp\/v2\/pages\/300\/revisions"}],"predecessor-version":[{"id":1520,"href":"https:\/\/ferienhauserdmann.de\/nl\/wp-json\/wp\/v2\/pages\/300\/revisions\/1520"}],"wp:featuredmedia":[{"embeddable":true,"href":"https:\/\/ferienhauserdmann.de\/nl\/wp-json\/wp\/v2\/media\/352"}],"wp:attachment":[{"href":"https:\/\/ferienhauserdmann.de\/nl\/wp-json\/wp\/v2\/media?parent=300"}],"curies":[{"name":"wp","href":"https:\/\/api.w.org\/{rel}","templated":true}]}}