{"id":412,"date":"2025-12-05T12:15:34","date_gmt":"2025-12-05T11:15:34","guid":{"rendered":"https:\/\/ferienhauserdmann.de\/?page_id=412"},"modified":"2025-12-12T13:57:04","modified_gmt":"2025-12-12T12:57:04","slug":"besonderheiten","status":"publish","type":"page","link":"https:\/\/ferienhauserdmann.de\/nl\/besonderheiten\/","title":{"rendered":"Aankomen en je thuis voelen - onze extra's voor jou -"},"content":{"rendered":"<p>Wij willen dat u vanaf het eerste moment van uw vakantie kunt genieten. De bedden zijn bij aankomst opgemaakt. Handdoeken en badlakens liggen voor u klaar in de slaapkamers.<\/p>\n\n\n\n<p>Wij stellen u graag gratis een mand brandhout ter beschikking. Meer brandhout kunt u ter plaatse tegen een kleine vergoeding kopen.<\/p>\n\n\n\n<p>Im Wohnzimmer wartet zu Ihrer Anreise eine kleine \u00dcberraschung auf Sie.<\/p>\n\n\n\n<div class=\"wp-block-media-text has-media-on-the-right is-stacked-on-mobile\"><div class=\"wp-block-media-text__content\">\n<p>Verder kunt u kostenloos gebruik maken van:<\/p>\n\n\n\n<p><strong><em>2 Sleeen<\/em><\/strong><\/p>\n\n\n\n<p><strong><em>Nordic Wandelstokken<\/em><\/strong><\/p>\n<\/div><figure class=\"wp-block-media-text__media\"><img loading=\"lazy\" decoding=\"async\" width=\"576\" height=\"1024\" src=\"https:\/\/ferienhauserdmann.de\/wp-content\/uploads\/2025\/12\/DSC05149nr-576x1024.jpg\" alt=\"\" class=\"wp-image-1666 size-full\" srcset=\"https:\/\/ferienhauserdmann.de\/wp-content\/uploads\/2025\/12\/DSC05149nr-576x1024.jpg 576w, https:\/\/ferienhauserdmann.de\/wp-content\/uploads\/2025\/12\/DSC05149nr-169x300.jpg 169w, https:\/\/ferienhauserdmann.de\/wp-content\/uploads\/2025\/12\/DSC05149nr-768x1365.jpg 768w, https:\/\/ferienhauserdmann.de\/wp-content\/uploads\/2025\/12\/DSC05149nr-864x1536.jpg 864w, https:\/\/ferienhauserdmann.de\/wp-content\/uploads\/2025\/12\/DSC05149nr-1152x2048.jpg 1152w, https:\/\/ferienhauserdmann.de\/wp-content\/uploads\/2025\/12\/DSC05149nr-7x12.jpg 7w, https:\/\/ferienhauserdmann.de\/wp-content\/uploads\/2025\/12\/DSC05149nr-scaled.jpg 1440w\" sizes=\"auto, (max-width: 576px) 100vw, 576px\" \/><\/figure><\/div>\n\n\n\n<p>In onze tuin staan enkele bessenstruiken. Daarnaast hebben we regelmatig enkele keukenkruiden geplant. Beide kunt u tijdens uw verblijf gerust consumeren.<\/p>\n\n\n\n<p>We hebben een kleine, wisselende selectie boeken voor u in huis. Er zijn natuurlijk ook enkele kinderboeken bij. <\/p>\n\n\n\n<p>In de keuken hebben we gratis theedoeken, vaatdoeken en keukenrol voor u klaargelegd.<\/p>\n\n\n\n<p><\/p>\n\n\n\n<p>Ons huis is uiteraard een rookvrij huis.<\/p>\n\n\n\n<p>Om hygi\u00ebnische redenen zijn huisdieren, ook als bezoekende dieren, niet toegestaan, omdat we het huis graag allergeenvrij voor u willen houden.<\/p>\n\n\n\n<p><\/p>","protected":false},"excerpt":{"rendered":"<p>Wir m\u00f6chten, dass Sie Ihren Urlaub von der ersten Minute an genie\u00dfen k\u00f6nnen. Die Betten sind bei Ihrer Ankunft bezogen. Handt\u00fccher und Duscht\u00fccher, liegen in den Schlafzimmern f\u00fcr Sie aus. Einen Korb Kaminholz stellen wir Ihnen gerne kostenfrei zur Verf\u00fcgung. Weiteres kann gerne gegen ein geringes Entgelt vor Ort erworben werden. Im Wohnzimmer wartet zu [&hellip;]<\/p>\n","protected":false},"author":1,"featured_media":1028,"parent":0,"menu_order":210,"comment_status":"closed","ping_status":"closed","template":"","meta":{"footnotes":""},"class_list":["post-412","page","type-page","status-publish","has-post-thumbnail","hentry"],"aioseo_notices":[],"_links":{"self":[{"href":"https:\/\/ferienhauserdmann.de\/nl\/wp-json\/wp\/v2\/pages\/412","targetHints":{"allow":["GET"]}}],"collection":[{"href":"https:\/\/ferienhauserdmann.de\/nl\/wp-json\/wp\/v2\/pages"}],"about":[{"href":"https:\/\/ferienhauserdmann.de\/nl\/wp-json\/wp\/v2\/types\/page"}],"author":[{"embeddable":true,"href":"https:\/\/ferienhauserdmann.de\/nl\/wp-json\/wp\/v2\/users\/1"}],"replies":[{"embeddable":true,"href":"https:\/\/ferienhauserdmann.de\/nl\/wp-json\/wp\/v2\/comments?post=412"}],"version-history":[{"count":18,"href":"https:\/\/ferienhauserdmann.de\/nl\/wp-json\/wp\/v2\/pages\/412\/revisions"}],"predecessor-version":[{"id":1673,"href":"https:\/\/ferienhauserdmann.de\/nl\/wp-json\/wp\/v2\/pages\/412\/revisions\/1673"}],"wp:featuredmedia":[{"embeddable":true,"href":"https:\/\/ferienhauserdmann.de\/nl\/wp-json\/wp\/v2\/media\/1028"}],"wp:attachment":[{"href":"https:\/\/ferienhauserdmann.de\/nl\/wp-json\/wp\/v2\/media?parent=412"}],"curies":[{"name":"wp","href":"https:\/\/api.w.org\/{rel}","templated":true}]}}